{"id":3117,"date":"2022-01-04T13:55:31","date_gmt":"2022-01-04T12:55:31","guid":{"rendered":"https:\/\/www.restaurantrosamar.com\/?page_id=3117"},"modified":"2026-01-21T21:17:57","modified_gmt":"2026-01-21T20:17:57","slug":"avis-legal","status":"publish","type":"page","link":"https:\/\/www.restaurantrosamar.com\/fr\/avis-legal\/","title":{"rendered":"Avertissement l\u00e9gal"},"content":{"rendered":"<h4>Informations conform\u00e9ment \u00e0 l'article 10 de la LSSI<\/h4>\n<h3>Le propri\u00e9taire de ce site Web est:<\/h3>\n<p>Identit\u00e9: <strong>Cancospmar S.L.<\/strong><br \/>\nCIF: <strong>B17795329<\/strong><br \/>\nAdresse: <strong>Urbanitzaci\u00f3 Rosamar. 17246 Santa Cristina d\u2019Aro | Girona.<br \/>\n<\/strong>T\u00e9l\u00e9phone: <strong>972 82 21 81<br \/>\n<\/strong>E-mail<strong>:<\/strong> <a href=\"mailto:cospcosta@icloud.com\"><strong>cospcosta@icloud.com<\/strong><\/a><\/p>\n<h3>Condition d'utilisation<\/h3>\n<p style=\"text-align: justify;\">L'utilisation de ce site Web implique l'acceptation pleine et enti\u00e8re des termes et conditions de la pr\u00e9sente notice l\u00e9gale. Les \u00e9ventuels conflits li\u00e9s \u00e0 ce site seront r\u00e9gis exclusivement par la loi de l'\u00c9tat espagnol. Toute personne utilisant le site Internet, quelle que soit la juridiction territoriale \u00e0 partir de laquelle son acc\u00e8s a lieu, accepte le respect et le respect de ces clauses, renon\u00e7ant express\u00e9ment \u00e0 toute autre juridiction qui pourrait leur correspondre.<\/p>\n<h3>Propri\u00e9t\u00e9 intellectuelle et industrielle<\/h3>\n<p style=\"text-align: justify;\">L'ensemble du contenu de ce site, qu'il s'agisse de textes, d'images, de sons, de marques, de logos ou d'autres \u00e9l\u00e9ments, ainsi que de la sous-structure, du design, des combinaisons de couleurs ou de la pr\u00e9sentation des mat\u00e9riaux, sont prot\u00e9g\u00e9s par les droits de propri\u00e9t\u00e9 industrielle et intellectuelle. que l'utilisateur de ce site doit respecter. Sa transformation ou alt\u00e9ration, communication publique ou toute autre forme d'exploitation par quelque proc\u00e9d\u00e9 que ce soit n'est pas licite sans l'autorisation expresse de <strong>Cancospmar S.L.<\/strong><\/p>\n<h3>Responsabilit\u00e9 du contenu<\/h3>\n<p style=\"text-align: justify;\" class=\"translation-block\">Bien que\u00a0<strong>Cancospmar S.L.<\/strong> agisse avec la plus grande diligence possible, il se peut que certaines donn\u00e9es ou informations ne soient pas compl\u00e8tement mises \u00e0 jour au moment o\u00f9 l'utilisateur du site les consulte. Pour cette raison, les informations pr\u00e9sent\u00e9es sur ce site ont une fonction de guidage et ne lient pas <strong>Cancospmar S.L.<\/strong><\/p>\n<p style=\"text-align: justify;\" class=\"translation-block\"><strong>Cancospmar S.L.<\/strong>\u00a0ne sera pas responsable des informations qui peuvent \u00eatre obtenues via les liens inclus sur son site Internet.<\/p>\n<p style=\"text-align: justify;\" class=\"translation-block\"><strong>Cancospmar S.L.<\/strong> se r\u00e9serve le droit d'effectuer, \u00e0 tout moment et sans pr\u00e9avis, des modifications ou mises \u00e0 jour des informations et des \u00e9l\u00e9ments qui composent la conception et la configuration du site.<\/p>\n<h3>Loi applicable et juridiction<\/h3>\n<p style=\"text-align: justify;\">L'utilisation de ce site Web implique l'acceptation pleine et enti\u00e8re des termes et conditions de la pr\u00e9sente notice l\u00e9gale. Les \u00e9ventuels conflits li\u00e9s \u00e0 ce site seront r\u00e9gis exclusivement par la loi de l'\u00c9tat espagnol. Toute personne utilisant le site Internet, quelle que soit la juridiction territoriale \u00e0 partir de laquelle son acc\u00e8s a lieu, accepte le respect et le respect de ces clauses, renon\u00e7ant express\u00e9ment \u00e0 toute autre juridiction qui pourrait leur correspondre.<\/p>","protected":false},"excerpt":{"rendered":"<p>Informaci\u00f3 de Conformitat amb l&#8217;article 10 de la LSSI El titular d&#8217;aquesta web \u00e9s: Identitat: Cancospmar S.L. CIF: B17795329 Adre\u00e7a: Urbanitzaci\u00f3 Rosamar. 17246 Santa Cristina d&#8217;Aro | Girona. Tel\u00e8fon: 972 82 21 81 Correu electr\u00f2nic: cospcosta@icloud.com Condicions d&#8217;\u00fas L&#8217;\u00fas d&#8217;aquest web implica l&#8217;acceptaci\u00f3 plena dels termes i condicions del present av\u00eds legal. Els possibles conflictes relatius a aquest web es regiran exclusivament pel dret de l&#8217;Estat espanyol. Tota persona usu\u00e0ria del web, independentment de la jurisdicci\u00f3 territorial des de la qual es produeixi el seu acc\u00e9s, accepta el compliment i respecte d&#8217;aquestes cl\u00e0usules amb ren\u00fancia expressa a qualsevol altre fur que li pogu\u00e9s correspondre. Propietat intel\u00b7lectual i industrial La totalitat del contingut d&#8217;aquest lloc web, ja siguin textos, imatges, sons, marques, logotips o altres elements, aix\u00ed com subestructura, disseny, combinacions de colors o forma de presentaci\u00f3 dels materials, estan protegits per drets de propietat industrial i intel\u00b7lectual que l&#8217;usuari d&#8217;aquest&hellip;<\/p>\n<p> <a class=\"more-link\" href=\"https:\/\/www.restaurantrosamar.com\/fr\/avis-legal\/\">Read more<\/a><\/p>","protected":false},"author":2,"featured_media":3388,"parent":0,"menu_order":0,"comment_status":"closed","ping_status":"closed","template":"","meta":{"footnotes":""},"class_list":["post-3117","page","type-page","status-publish","has-post-thumbnail"],"_links":{"self":[{"href":"https:\/\/www.restaurantrosamar.com\/fr\/wp-json\/wp\/v2\/pages\/3117","targetHints":{"allow":["GET"]}}],"collection":[{"href":"https:\/\/www.restaurantrosamar.com\/fr\/wp-json\/wp\/v2\/pages"}],"about":[{"href":"https:\/\/www.restaurantrosamar.com\/fr\/wp-json\/wp\/v2\/types\/page"}],"author":[{"embeddable":true,"href":"https:\/\/www.restaurantrosamar.com\/fr\/wp-json\/wp\/v2\/users\/2"}],"replies":[{"embeddable":true,"href":"https:\/\/www.restaurantrosamar.com\/fr\/wp-json\/wp\/v2\/comments?post=3117"}],"version-history":[{"count":0,"href":"https:\/\/www.restaurantrosamar.com\/fr\/wp-json\/wp\/v2\/pages\/3117\/revisions"}],"wp:featuredmedia":[{"embeddable":true,"href":"https:\/\/www.restaurantrosamar.com\/fr\/wp-json\/wp\/v2\/media\/3388"}],"wp:attachment":[{"href":"https:\/\/www.restaurantrosamar.com\/fr\/wp-json\/wp\/v2\/media?parent=3117"}],"curies":[{"name":"wp","href":"https:\/\/api.w.org\/{rel}","templated":true}]}}