{"id":3200,"date":"2022-01-04T19:23:05","date_gmt":"2022-01-04T18:23:05","guid":{"rendered":"https:\/\/www.restaurantrosamar.com\/?page_id=3200"},"modified":"2026-01-29T21:54:03","modified_gmt":"2026-01-29T20:54:03","slug":"celebracions","status":"publish","type":"page","link":"https:\/\/www.restaurantrosamar.com\/es\/celebracions\/","title":{"rendered":"Celebraciones"},"content":{"rendered":"<div data-elementor-type=\"wp-page\" data-elementor-id=\"3200\" class=\"elementor elementor-3200\" data-elementor-post-type=\"page\">\n\t\t\t\t<div class=\"elementor-element elementor-element-5cc57df e-flex e-con-boxed e-con e-parent\" data-id=\"5cc57df\" data-element_type=\"container\" data-e-type=\"container\">\n\t\t\t\t\t<div class=\"e-con-inner\">\n\t\t\t\t<div class=\"elementor-element elementor-element-106d297 elementor-widget elementor-widget-heading\" data-id=\"106d297\" data-element_type=\"widget\" data-e-type=\"widget\" data-widget_type=\"heading.default\">\n\t\t\t\t\t<h2 class=\"elementor-heading-title elementor-size-default\">Tu ocasi\u00f3n especial ser\u00e1 siempre un d\u00eda para recordar\u2026\ndeja que formemos parte de ella!<\/h2>\t\t\t\t<\/div>\n\t\t\t\t<div class=\"elementor-element elementor-element-37216732 elementor-widget elementor-widget-text-editor\" data-id=\"37216732\" data-element_type=\"widget\" data-e-type=\"widget\" data-widget_type=\"text-editor.default\">\n\t\t\t\t\t\t\t\t\t<p class=\"translation-block\">En <strong>Restaurant Rosamar<\/strong> encontrar\u00e1s tu lugar ideal para reunir familia y amigos, con total privacidad\u2026 \u00a1un entorno a lujo!<\/p><p class=\"translation-block\">Celebra tu boda, las bodas de oro o plata, tu comuni\u00f3n o bautizo en el coraz\u00f3n de la <strong>Costa Brava<\/strong>!<\/p><p>Ponemos a tu disposici\u00f3n nuestro amplio jard\u00edn, donde podr\u00e1s organizar las sesiones fotogr\u00e1ficas y photocalls m\u00e1s elegantes en primera l\u00ednea de mar, compartir tu ceremonia y disfrutar de nuestro parque infantil, donde los m\u00e1s peque\u00f1os lo pasar\u00e1n a las mil maravillas.<\/p><p>Elige tu men\u00fa, precio cerrado y a medida y\u2026 disfruta de los momentos bonitos que nos regala la vida. Un d\u00eda es un d\u00eda, un d\u00eda para recordar siempre m\u00e1s.<\/p>\t\t\t\t\t\t\t\t<\/div>\n\t\t\t\t\t<\/div>\n\t\t\t\t<\/div>\n\t\t<div class=\"elementor-element elementor-element-1d2c669 e-con-full e-flex e-con e-parent\" data-id=\"1d2c669\" data-element_type=\"container\" data-e-type=\"container\">\n\t\t\t\t<div class=\"elementor-element elementor-element-3c55538 elementor-widget elementor-widget-gallery\" data-id=\"3c55538\" data-element_type=\"widget\" data-e-type=\"widget\" data-settings=\"{&quot;gap&quot;:{&quot;unit&quot;:&quot;px&quot;,&quot;size&quot;:8,&quot;sizes&quot;:[]},&quot;gap_tablet&quot;:{&quot;unit&quot;:&quot;px&quot;,&quot;size&quot;:8,&quot;sizes&quot;:[]},&quot;gap_mobile&quot;:{&quot;unit&quot;:&quot;px&quot;,&quot;size&quot;:8,&quot;sizes&quot;:[]},&quot;columns&quot;:3,&quot;aspect_ratio&quot;:&quot;16:9&quot;,&quot;lazyload&quot;:&quot;yes&quot;,&quot;gallery_layout&quot;:&quot;grid&quot;,&quot;columns_tablet&quot;:2,&quot;columns_mobile&quot;:1,&quot;link_to&quot;:&quot;file&quot;,&quot;overlay_background&quot;:&quot;yes&quot;,&quot;content_hover_animation&quot;:&quot;fade-in&quot;}\" data-widget_type=\"gallery.default\">\n\t\t\t\t\t\t\t<div class=\"elementor-gallery__container\">\n\t\t\t\t\t\t\t<a class=\"e-gallery-item elementor-gallery-item elementor-animated-content\" href=\"https:\/\/www.restaurantrosamar.com\/wp-content\/uploads\/2022\/04\/Restaurant-Rosamar-Celebracions-7.jpg\" data-elementor-open-lightbox=\"yes\" data-elementor-lightbox-slideshow=\"3c55538\" data-elementor-lightbox-title=\"Restaurant Rosamar - Celebracions\" data-e-action-hash=\"#elementor-action%3Aaction%3Dlightbox%26settings%3DeyJpZCI6NDU0NiwidXJsIjoiaHR0cHM6XC9cL3d3dy5yZXN0YXVyYW50cm9zYW1hci5jb21cL3dwLWNvbnRlbnRcL3VwbG9hZHNcLzIwMjJcLzA0XC9SZXN0YXVyYW50LVJvc2FtYXItQ2VsZWJyYWNpb25zLTcuanBnIiwic2xpZGVzaG93IjoiM2M1NTUzOCJ9\">\n\t\t\t\t\t<div class=\"e-gallery-image elementor-gallery-item__image\" data-thumbnail=\"https:\/\/www.restaurantrosamar.com\/wp-content\/uploads\/2022\/04\/Restaurant-Rosamar-Celebracions-7.jpg\" data-width=\"\" data-height=\"\" aria-label=\"Restaurant Rosamar - Celebraciones\" role=\"img\" ><\/div>\n\t\t\t\t\t\t\t\t\t\t\t<div class=\"elementor-gallery-item__overlay\"><\/div>\n\t\t\t\t\t\t\t\t\t\t\t\t\t\t<\/a>\n\t\t\t\t\t\t\t<a class=\"e-gallery-item elementor-gallery-item elementor-animated-content\" href=\"https:\/\/www.restaurantrosamar.com\/wp-content\/uploads\/2022\/04\/Restaurant-Rosamar-Celebracions-16.jpg\" data-elementor-open-lightbox=\"yes\" data-elementor-lightbox-slideshow=\"3c55538\" data-elementor-lightbox-title=\"Restaurant Rosamar - Celebracions\" data-e-action-hash=\"#elementor-action%3Aaction%3Dlightbox%26settings%3DeyJpZCI6NDU1NSwidXJsIjoiaHR0cHM6XC9cL3d3dy5yZXN0YXVyYW50cm9zYW1hci5jb21cL3dwLWNvbnRlbnRcL3VwbG9hZHNcLzIwMjJcLzA0XC9SZXN0YXVyYW50LVJvc2FtYXItQ2VsZWJyYWNpb25zLTE2LmpwZyIsInNsaWRlc2hvdyI6IjNjNTU1MzgifQ%3D%3D\">\n\t\t\t\t\t<div class=\"e-gallery-image elementor-gallery-item__image\" data-thumbnail=\"https:\/\/www.restaurantrosamar.com\/wp-content\/uploads\/2022\/04\/Restaurant-Rosamar-Celebracions-16.jpg\" data-width=\"\" data-height=\"\" aria-label=\"Restaurant Rosamar - Celebraciones\" role=\"img\" ><\/div>\n\t\t\t\t\t\t\t\t\t\t\t<div class=\"elementor-gallery-item__overlay\"><\/div>\n\t\t\t\t\t\t\t\t\t\t\t\t\t\t<\/a>\n\t\t\t\t\t\t\t<a class=\"e-gallery-item elementor-gallery-item elementor-animated-content\" href=\"https:\/\/www.restaurantrosamar.com\/wp-content\/uploads\/2022\/04\/Restaurant-Rosamar-Celebracions-5.jpg\" data-elementor-open-lightbox=\"yes\" data-elementor-lightbox-slideshow=\"3c55538\" data-elementor-lightbox-title=\"Restaurant Rosamar - Celebracions\" data-e-action-hash=\"#elementor-action%3Aaction%3Dlightbox%26settings%3DeyJpZCI6NDU0NCwidXJsIjoiaHR0cHM6XC9cL3d3dy5yZXN0YXVyYW50cm9zYW1hci5jb21cL3dwLWNvbnRlbnRcL3VwbG9hZHNcLzIwMjJcLzA0XC9SZXN0YXVyYW50LVJvc2FtYXItQ2VsZWJyYWNpb25zLTUuanBnIiwic2xpZGVzaG93IjoiM2M1NTUzOCJ9\">\n\t\t\t\t\t<div class=\"e-gallery-image elementor-gallery-item__image\" data-thumbnail=\"https:\/\/www.restaurantrosamar.com\/wp-content\/uploads\/2022\/04\/Restaurant-Rosamar-Celebracions-5.jpg\" data-width=\"\" data-height=\"\" aria-label=\"Restaurant Rosamar - Celebraciones\" role=\"img\" ><\/div>\n\t\t\t\t\t\t\t\t\t\t\t<div class=\"elementor-gallery-item__overlay\"><\/div>\n\t\t\t\t\t\t\t\t\t\t\t\t\t\t<\/a>\n\t\t\t\t\t\t\t<a class=\"e-gallery-item elementor-gallery-item elementor-animated-content\" href=\"https:\/\/www.restaurantrosamar.com\/wp-content\/uploads\/2022\/04\/Restaurant-Rosamar-Celebracions-8.jpg\" data-elementor-open-lightbox=\"yes\" data-elementor-lightbox-slideshow=\"3c55538\" data-elementor-lightbox-title=\"Restaurant Rosamar - Celebracions\" data-e-action-hash=\"#elementor-action%3Aaction%3Dlightbox%26settings%3DeyJpZCI6NDU0NywidXJsIjoiaHR0cHM6XC9cL3d3dy5yZXN0YXVyYW50cm9zYW1hci5jb21cL3dwLWNvbnRlbnRcL3VwbG9hZHNcLzIwMjJcLzA0XC9SZXN0YXVyYW50LVJvc2FtYXItQ2VsZWJyYWNpb25zLTguanBnIiwic2xpZGVzaG93IjoiM2M1NTUzOCJ9\">\n\t\t\t\t\t<div class=\"e-gallery-image elementor-gallery-item__image\" data-thumbnail=\"https:\/\/www.restaurantrosamar.com\/wp-content\/uploads\/2022\/04\/Restaurant-Rosamar-Celebracions-8.jpg\" data-width=\"\" data-height=\"\" aria-label=\"Restaurant Rosamar - Celebraciones\" role=\"img\" ><\/div>\n\t\t\t\t\t\t\t\t\t\t\t<div class=\"elementor-gallery-item__overlay\"><\/div>\n\t\t\t\t\t\t\t\t\t\t\t\t\t\t<\/a>\n\t\t\t\t\t\t\t<a class=\"e-gallery-item elementor-gallery-item elementor-animated-content\" href=\"https:\/\/www.restaurantrosamar.com\/wp-content\/uploads\/2022\/04\/Restaurant-Rosamar-Celebracions-6.jpg\" data-elementor-open-lightbox=\"yes\" data-elementor-lightbox-slideshow=\"3c55538\" data-elementor-lightbox-title=\"Restaurant Rosamar - Celebracions\" data-e-action-hash=\"#elementor-action%3Aaction%3Dlightbox%26settings%3DeyJpZCI6NDU0NSwidXJsIjoiaHR0cHM6XC9cL3d3dy5yZXN0YXVyYW50cm9zYW1hci5jb21cL3dwLWNvbnRlbnRcL3VwbG9hZHNcLzIwMjJcLzA0XC9SZXN0YXVyYW50LVJvc2FtYXItQ2VsZWJyYWNpb25zLTYuanBnIiwic2xpZGVzaG93IjoiM2M1NTUzOCJ9\">\n\t\t\t\t\t<div class=\"e-gallery-image elementor-gallery-item__image\" data-thumbnail=\"https:\/\/www.restaurantrosamar.com\/wp-content\/uploads\/2022\/04\/Restaurant-Rosamar-Celebracions-6.jpg\" data-width=\"\" data-height=\"\" aria-label=\"Restaurant Rosamar - Celebraciones\" role=\"img\" ><\/div>\n\t\t\t\t\t\t\t\t\t\t\t<div class=\"elementor-gallery-item__overlay\"><\/div>\n\t\t\t\t\t\t\t\t\t\t\t\t\t\t<\/a>\n\t\t\t\t\t\t\t<a class=\"e-gallery-item elementor-gallery-item elementor-animated-content\" href=\"https:\/\/www.restaurantrosamar.com\/wp-content\/uploads\/2022\/04\/Restaurant-Rosamar-Celebracions-12.jpg\" data-elementor-open-lightbox=\"yes\" data-elementor-lightbox-slideshow=\"3c55538\" data-elementor-lightbox-title=\"Restaurant Rosamar - Celebracions\" data-e-action-hash=\"#elementor-action%3Aaction%3Dlightbox%26settings%3DeyJpZCI6NDU1MSwidXJsIjoiaHR0cHM6XC9cL3d3dy5yZXN0YXVyYW50cm9zYW1hci5jb21cL3dwLWNvbnRlbnRcL3VwbG9hZHNcLzIwMjJcLzA0XC9SZXN0YXVyYW50LVJvc2FtYXItQ2VsZWJyYWNpb25zLTEyLmpwZyIsInNsaWRlc2hvdyI6IjNjNTU1MzgifQ%3D%3D\">\n\t\t\t\t\t<div class=\"e-gallery-image elementor-gallery-item__image\" data-thumbnail=\"https:\/\/www.restaurantrosamar.com\/wp-content\/uploads\/2022\/04\/Restaurant-Rosamar-Celebracions-12.jpg\" data-width=\"\" data-height=\"\" aria-label=\"Restaurant Rosamar - Celebraciones\" role=\"img\" ><\/div>\n\t\t\t\t\t\t\t\t\t\t\t<div class=\"elementor-gallery-item__overlay\"><\/div>\n\t\t\t\t\t\t\t\t\t\t\t\t\t\t<\/a>\n\t\t\t\t\t\t\t<a class=\"e-gallery-item elementor-gallery-item elementor-animated-content\" href=\"https:\/\/www.restaurantrosamar.com\/wp-content\/uploads\/2022\/04\/Restaurant-Rosamar-Celebracions-11.jpg\" data-elementor-open-lightbox=\"yes\" data-elementor-lightbox-slideshow=\"3c55538\" data-elementor-lightbox-title=\"Restaurant Rosamar - Celebracions\" data-e-action-hash=\"#elementor-action%3Aaction%3Dlightbox%26settings%3DeyJpZCI6NDU1MCwidXJsIjoiaHR0cHM6XC9cL3d3dy5yZXN0YXVyYW50cm9zYW1hci5jb21cL3dwLWNvbnRlbnRcL3VwbG9hZHNcLzIwMjJcLzA0XC9SZXN0YXVyYW50LVJvc2FtYXItQ2VsZWJyYWNpb25zLTExLmpwZyIsInNsaWRlc2hvdyI6IjNjNTU1MzgifQ%3D%3D\">\n\t\t\t\t\t<div class=\"e-gallery-image elementor-gallery-item__image\" data-thumbnail=\"https:\/\/www.restaurantrosamar.com\/wp-content\/uploads\/2022\/04\/Restaurant-Rosamar-Celebracions-11.jpg\" data-width=\"\" data-height=\"\" aria-label=\"Restaurant Rosamar - Celebraciones\" role=\"img\" ><\/div>\n\t\t\t\t\t\t\t\t\t\t\t<div class=\"elementor-gallery-item__overlay\"><\/div>\n\t\t\t\t\t\t\t\t\t\t\t\t\t\t<\/a>\n\t\t\t\t\t\t\t<a class=\"e-gallery-item elementor-gallery-item elementor-animated-content\" href=\"https:\/\/www.restaurantrosamar.com\/wp-content\/uploads\/2022\/04\/Restaurant-Rosamar-Celebracions-4.jpg\" data-elementor-open-lightbox=\"yes\" data-elementor-lightbox-slideshow=\"3c55538\" data-elementor-lightbox-title=\"Restaurant Rosamar - Celebracions\" data-e-action-hash=\"#elementor-action%3Aaction%3Dlightbox%26settings%3DeyJpZCI6NDU0MywidXJsIjoiaHR0cHM6XC9cL3d3dy5yZXN0YXVyYW50cm9zYW1hci5jb21cL3dwLWNvbnRlbnRcL3VwbG9hZHNcLzIwMjJcLzA0XC9SZXN0YXVyYW50LVJvc2FtYXItQ2VsZWJyYWNpb25zLTQuanBnIiwic2xpZGVzaG93IjoiM2M1NTUzOCJ9\">\n\t\t\t\t\t<div class=\"e-gallery-image elementor-gallery-item__image\" data-thumbnail=\"https:\/\/www.restaurantrosamar.com\/wp-content\/uploads\/2022\/04\/Restaurant-Rosamar-Celebracions-4.jpg\" data-width=\"\" data-height=\"\" aria-label=\"Restaurant Rosamar - Celebraciones\" role=\"img\" ><\/div>\n\t\t\t\t\t\t\t\t\t\t\t<div class=\"elementor-gallery-item__overlay\"><\/div>\n\t\t\t\t\t\t\t\t\t\t\t\t\t\t<\/a>\n\t\t\t\t\t\t\t<a class=\"e-gallery-item elementor-gallery-item elementor-animated-content\" href=\"https:\/\/www.restaurantrosamar.com\/wp-content\/uploads\/2022\/04\/Restaurant-Rosamar-Celebracions-13.jpg\" data-elementor-open-lightbox=\"yes\" data-elementor-lightbox-slideshow=\"3c55538\" data-elementor-lightbox-title=\"Restaurant Rosamar - Celebracions\" data-e-action-hash=\"#elementor-action%3Aaction%3Dlightbox%26settings%3DeyJpZCI6NDU1MiwidXJsIjoiaHR0cHM6XC9cL3d3dy5yZXN0YXVyYW50cm9zYW1hci5jb21cL3dwLWNvbnRlbnRcL3VwbG9hZHNcLzIwMjJcLzA0XC9SZXN0YXVyYW50LVJvc2FtYXItQ2VsZWJyYWNpb25zLTEzLmpwZyIsInNsaWRlc2hvdyI6IjNjNTU1MzgifQ%3D%3D\">\n\t\t\t\t\t<div class=\"e-gallery-image elementor-gallery-item__image\" data-thumbnail=\"https:\/\/www.restaurantrosamar.com\/wp-content\/uploads\/2022\/04\/Restaurant-Rosamar-Celebracions-13.jpg\" data-width=\"\" data-height=\"\" aria-label=\"Restaurant Rosamar - Celebraciones\" role=\"img\" ><\/div>\n\t\t\t\t\t\t\t\t\t\t\t<div class=\"elementor-gallery-item__overlay\"><\/div>\n\t\t\t\t\t\t\t\t\t\t\t\t\t\t<\/a>\n\t\t\t\t\t\t\t<a class=\"e-gallery-item elementor-gallery-item elementor-animated-content\" href=\"https:\/\/www.restaurantrosamar.com\/wp-content\/uploads\/2022\/04\/Restaurant-Rosamar-Celebracions-2.jpg\" data-elementor-open-lightbox=\"yes\" data-elementor-lightbox-slideshow=\"3c55538\" data-elementor-lightbox-title=\"Restaurant Rosamar - Celebracions\" data-e-action-hash=\"#elementor-action%3Aaction%3Dlightbox%26settings%3DeyJpZCI6NDU0MSwidXJsIjoiaHR0cHM6XC9cL3d3dy5yZXN0YXVyYW50cm9zYW1hci5jb21cL3dwLWNvbnRlbnRcL3VwbG9hZHNcLzIwMjJcLzA0XC9SZXN0YXVyYW50LVJvc2FtYXItQ2VsZWJyYWNpb25zLTIuanBnIiwic2xpZGVzaG93IjoiM2M1NTUzOCJ9\">\n\t\t\t\t\t<div class=\"e-gallery-image elementor-gallery-item__image\" data-thumbnail=\"https:\/\/www.restaurantrosamar.com\/wp-content\/uploads\/2022\/04\/Restaurant-Rosamar-Celebracions-2.jpg\" data-width=\"\" data-height=\"\" aria-label=\"Restaurant Rosamar - Celebraciones\" role=\"img\" ><\/div>\n\t\t\t\t\t\t\t\t\t\t\t<div class=\"elementor-gallery-item__overlay\"><\/div>\n\t\t\t\t\t\t\t\t\t\t\t\t\t\t<\/a>\n\t\t\t\t\t\t\t<a class=\"e-gallery-item elementor-gallery-item elementor-animated-content\" href=\"https:\/\/www.restaurantrosamar.com\/wp-content\/uploads\/2022\/04\/Restaurant-Rosamar-Celebracions-9.jpg\" data-elementor-open-lightbox=\"yes\" data-elementor-lightbox-slideshow=\"3c55538\" data-elementor-lightbox-title=\"Restaurant Rosamar - Celebracions\" data-e-action-hash=\"#elementor-action%3Aaction%3Dlightbox%26settings%3DeyJpZCI6NDU0OCwidXJsIjoiaHR0cHM6XC9cL3d3dy5yZXN0YXVyYW50cm9zYW1hci5jb21cL3dwLWNvbnRlbnRcL3VwbG9hZHNcLzIwMjJcLzA0XC9SZXN0YXVyYW50LVJvc2FtYXItQ2VsZWJyYWNpb25zLTkuanBnIiwic2xpZGVzaG93IjoiM2M1NTUzOCJ9\">\n\t\t\t\t\t<div class=\"e-gallery-image elementor-gallery-item__image\" data-thumbnail=\"https:\/\/www.restaurantrosamar.com\/wp-content\/uploads\/2022\/04\/Restaurant-Rosamar-Celebracions-9.jpg\" data-width=\"\" data-height=\"\" aria-label=\"Restaurant Rosamar - Celebraciones\" role=\"img\" ><\/div>\n\t\t\t\t\t\t\t\t\t\t\t<div class=\"elementor-gallery-item__overlay\"><\/div>\n\t\t\t\t\t\t\t\t\t\t\t\t\t\t<\/a>\n\t\t\t\t\t\t\t<a class=\"e-gallery-item elementor-gallery-item elementor-animated-content\" href=\"https:\/\/www.restaurantrosamar.com\/wp-content\/uploads\/2022\/04\/Restaurant-Rosamar-Celebracions-3.jpg\" data-elementor-open-lightbox=\"yes\" data-elementor-lightbox-slideshow=\"3c55538\" data-elementor-lightbox-title=\"Restaurant Rosamar - Celebracions\" data-e-action-hash=\"#elementor-action%3Aaction%3Dlightbox%26settings%3DeyJpZCI6NDU0MiwidXJsIjoiaHR0cHM6XC9cL3d3dy5yZXN0YXVyYW50cm9zYW1hci5jb21cL3dwLWNvbnRlbnRcL3VwbG9hZHNcLzIwMjJcLzA0XC9SZXN0YXVyYW50LVJvc2FtYXItQ2VsZWJyYWNpb25zLTMuanBnIiwic2xpZGVzaG93IjoiM2M1NTUzOCJ9\">\n\t\t\t\t\t<div class=\"e-gallery-image elementor-gallery-item__image\" data-thumbnail=\"https:\/\/www.restaurantrosamar.com\/wp-content\/uploads\/2022\/04\/Restaurant-Rosamar-Celebracions-3.jpg\" data-width=\"\" data-height=\"\" aria-label=\"Restaurant Rosamar - Celebraciones\" role=\"img\" ><\/div>\n\t\t\t\t\t\t\t\t\t\t\t<div class=\"elementor-gallery-item__overlay\"><\/div>\n\t\t\t\t\t\t\t\t\t\t\t\t\t\t<\/a>\n\t\t\t\t\t\t\t<a class=\"e-gallery-item elementor-gallery-item elementor-animated-content\" href=\"https:\/\/www.restaurantrosamar.com\/wp-content\/uploads\/2022\/04\/Restaurant-Rosamar-Celebracions-1.jpg\" data-elementor-open-lightbox=\"yes\" data-elementor-lightbox-slideshow=\"3c55538\" data-elementor-lightbox-title=\"Restaurant Rosamar - Celebracions\" data-e-action-hash=\"#elementor-action%3Aaction%3Dlightbox%26settings%3DeyJpZCI6NDU0MCwidXJsIjoiaHR0cHM6XC9cL3d3dy5yZXN0YXVyYW50cm9zYW1hci5jb21cL3dwLWNvbnRlbnRcL3VwbG9hZHNcLzIwMjJcLzA0XC9SZXN0YXVyYW50LVJvc2FtYXItQ2VsZWJyYWNpb25zLTEuanBnIiwic2xpZGVzaG93IjoiM2M1NTUzOCJ9\">\n\t\t\t\t\t<div class=\"e-gallery-image elementor-gallery-item__image\" data-thumbnail=\"https:\/\/www.restaurantrosamar.com\/wp-content\/uploads\/2022\/04\/Restaurant-Rosamar-Celebracions-1.jpg\" data-width=\"\" data-height=\"\" aria-label=\"Restaurant Rosamar - Celebraciones\" role=\"img\" ><\/div>\n\t\t\t\t\t\t\t\t\t\t\t<div class=\"elementor-gallery-item__overlay\"><\/div>\n\t\t\t\t\t\t\t\t\t\t\t\t\t\t<\/a>\n\t\t\t\t\t\t\t<a class=\"e-gallery-item elementor-gallery-item elementor-animated-content\" href=\"https:\/\/www.restaurantrosamar.com\/wp-content\/uploads\/2022\/04\/Restaurant-Rosamar-Celebracions-14.jpg\" data-elementor-open-lightbox=\"yes\" data-elementor-lightbox-slideshow=\"3c55538\" data-elementor-lightbox-title=\"Restaurant Rosamar - Celebracions\" data-e-action-hash=\"#elementor-action%3Aaction%3Dlightbox%26settings%3DeyJpZCI6NDU1MywidXJsIjoiaHR0cHM6XC9cL3d3dy5yZXN0YXVyYW50cm9zYW1hci5jb21cL3dwLWNvbnRlbnRcL3VwbG9hZHNcLzIwMjJcLzA0XC9SZXN0YXVyYW50LVJvc2FtYXItQ2VsZWJyYWNpb25zLTE0LmpwZyIsInNsaWRlc2hvdyI6IjNjNTU1MzgifQ%3D%3D\">\n\t\t\t\t\t<div class=\"e-gallery-image elementor-gallery-item__image\" data-thumbnail=\"https:\/\/www.restaurantrosamar.com\/wp-content\/uploads\/2022\/04\/Restaurant-Rosamar-Celebracions-14.jpg\" data-width=\"\" data-height=\"\" aria-label=\"Restaurant Rosamar - Celebraciones\" role=\"img\" ><\/div>\n\t\t\t\t\t\t\t\t\t\t\t<div class=\"elementor-gallery-item__overlay\"><\/div>\n\t\t\t\t\t\t\t\t\t\t\t\t\t\t<\/a>\n\t\t\t\t\t\t\t<a class=\"e-gallery-item elementor-gallery-item elementor-animated-content\" href=\"https:\/\/www.restaurantrosamar.com\/wp-content\/uploads\/2022\/04\/Restaurant-Rosamar-Celebracions-15.jpg\" data-elementor-open-lightbox=\"yes\" data-elementor-lightbox-slideshow=\"3c55538\" data-elementor-lightbox-title=\"Restaurant Rosamar - Celebracions\" data-e-action-hash=\"#elementor-action%3Aaction%3Dlightbox%26settings%3DeyJpZCI6NDU1NCwidXJsIjoiaHR0cHM6XC9cL3d3dy5yZXN0YXVyYW50cm9zYW1hci5jb21cL3dwLWNvbnRlbnRcL3VwbG9hZHNcLzIwMjJcLzA0XC9SZXN0YXVyYW50LVJvc2FtYXItQ2VsZWJyYWNpb25zLTE1LmpwZyIsInNsaWRlc2hvdyI6IjNjNTU1MzgifQ%3D%3D\">\n\t\t\t\t\t<div class=\"e-gallery-image elementor-gallery-item__image\" data-thumbnail=\"https:\/\/www.restaurantrosamar.com\/wp-content\/uploads\/2022\/04\/Restaurant-Rosamar-Celebracions-15.jpg\" data-width=\"\" data-height=\"\" aria-label=\"Restaurant Rosamar - Celebraciones\" role=\"img\" ><\/div>\n\t\t\t\t\t\t\t\t\t\t\t<div class=\"elementor-gallery-item__overlay\"><\/div>\n\t\t\t\t\t\t\t\t\t\t\t\t\t\t<\/a>\n\t\t\t\t\t\t\t<a class=\"e-gallery-item elementor-gallery-item elementor-animated-content\" href=\"https:\/\/www.restaurantrosamar.com\/wp-content\/uploads\/2022\/04\/Restaurant-Rosamar-Celebracions-10.jpg\" data-elementor-open-lightbox=\"yes\" data-elementor-lightbox-slideshow=\"3c55538\" data-elementor-lightbox-title=\"Restaurant Rosamar - Celebracions\" data-e-action-hash=\"#elementor-action%3Aaction%3Dlightbox%26settings%3DeyJpZCI6NDU0OSwidXJsIjoiaHR0cHM6XC9cL3d3dy5yZXN0YXVyYW50cm9zYW1hci5jb21cL3dwLWNvbnRlbnRcL3VwbG9hZHNcLzIwMjJcLzA0XC9SZXN0YXVyYW50LVJvc2FtYXItQ2VsZWJyYWNpb25zLTEwLmpwZyIsInNsaWRlc2hvdyI6IjNjNTU1MzgifQ%3D%3D\">\n\t\t\t\t\t<div class=\"e-gallery-image elementor-gallery-item__image\" data-thumbnail=\"https:\/\/www.restaurantrosamar.com\/wp-content\/uploads\/2022\/04\/Restaurant-Rosamar-Celebracions-10.jpg\" data-width=\"\" data-height=\"\" aria-label=\"Restaurant Rosamar - Celebraciones\" role=\"img\" ><\/div>\n\t\t\t\t\t\t\t\t\t\t\t<div class=\"elementor-gallery-item__overlay\"><\/div>\n\t\t\t\t\t\t\t\t\t\t\t\t\t\t<\/a>\n\t\t\t\t\t<\/div>\n\t\t\t\t\t<\/div>\n\t\t\t\t<\/div>\n\t\t\t\t<\/div>","protected":false},"excerpt":{"rendered":"<p>La teva ocasi\u00f3 especial ser\u00e0 sempre un dia per recordar\u2026 deixa que en formem part! A Restaurant Rosamar trobar\u00e0s el teu lloc ideal per reunir fam\u00edlia i amics, amb total privacitat\u2026 un entorn de luxe! Celebra el teu casament, les noces d\u2019or o plata, la teva comuni\u00f3 o bateig al cor de la Costa Brava! Posem a la teva disposici\u00f3 el nostre ampli jard\u00ed, on podr\u00e0s organitzar les sessions fotogr\u00e0fiques i photocalls m\u00e9s elegants a primera l\u00ednia de mar, compartir la teva cerim\u00f2nia i gaudir del nostre parc infantil, on els m\u00e9s petits ho passaran d\u2019all\u00f2 m\u00e9s b\u00e9. Tria el teu men\u00fa, preu tancat i a mida i\u2026 gaudeix dels moments macos que ens regala la vida. Un dia \u00e9s un dia, un dia per recordar sempre m\u00e9s.<\/p>","protected":false},"author":2,"featured_media":3372,"parent":0,"menu_order":0,"comment_status":"closed","ping_status":"closed","template":"","meta":{"footnotes":""},"class_list":["post-3200","page","type-page","status-publish","has-post-thumbnail"],"_links":{"self":[{"href":"https:\/\/www.restaurantrosamar.com\/es\/wp-json\/wp\/v2\/pages\/3200","targetHints":{"allow":["GET"]}}],"collection":[{"href":"https:\/\/www.restaurantrosamar.com\/es\/wp-json\/wp\/v2\/pages"}],"about":[{"href":"https:\/\/www.restaurantrosamar.com\/es\/wp-json\/wp\/v2\/types\/page"}],"author":[{"embeddable":true,"href":"https:\/\/www.restaurantrosamar.com\/es\/wp-json\/wp\/v2\/users\/2"}],"replies":[{"embeddable":true,"href":"https:\/\/www.restaurantrosamar.com\/es\/wp-json\/wp\/v2\/comments?post=3200"}],"version-history":[{"count":0,"href":"https:\/\/www.restaurantrosamar.com\/es\/wp-json\/wp\/v2\/pages\/3200\/revisions"}],"wp:featuredmedia":[{"embeddable":true,"href":"https:\/\/www.restaurantrosamar.com\/es\/wp-json\/wp\/v2\/media\/3372"}],"wp:attachment":[{"href":"https:\/\/www.restaurantrosamar.com\/es\/wp-json\/wp\/v2\/media?parent=3200"}],"curies":[{"name":"wp","href":"https:\/\/api.w.org\/{rel}","templated":true}]}}