{"id":3202,"date":"2022-01-04T19:23:36","date_gmt":"2022-01-04T18:23:36","guid":{"rendered":"https:\/\/www.restaurantrosamar.com\/?page_id=3202"},"modified":"2026-01-29T22:29:45","modified_gmt":"2026-01-29T21:29:45","slug":"equip","status":"publish","type":"page","link":"https:\/\/www.restaurantrosamar.com\/en\/equip\/","title":{"rendered":"Team"},"content":{"rendered":"<div data-elementor-type=\"wp-page\" data-elementor-id=\"3202\" class=\"elementor elementor-3202\" data-elementor-post-type=\"page\">\n\t\t\t\t<div class=\"elementor-element elementor-element-336f3f7c e-con-full e-flex e-con e-parent\" data-id=\"336f3f7c\" data-element_type=\"container\" data-e-type=\"container\">\n\t\t\t\t<div class=\"elementor-element elementor-element-fc92825 elementor-widget elementor-widget-text-editor\" data-id=\"fc92825\" data-element_type=\"widget\" data-e-type=\"widget\" data-widget_type=\"text-editor.default\">\n\t\t\t\t\t\t\t\t\t<p>Gastronomy, our true passion. A vocation that comes from family tradition and that we proudly show and share, day by day, in each service.<\/p><p style=\"text-align: left;\">A real honor to continue serving you after more than 50 years of history.<\/p><p>We would be nothing if we did not have a great team.<\/p>\t\t\t\t\t\t\t\t<\/div>\n\t\t\t\t<div class=\"elementor-element elementor-element-e18078a elementor-widget elementor-widget-heading\" data-id=\"e18078a\" data-element_type=\"widget\" data-e-type=\"widget\" data-widget_type=\"heading.default\">\n\t\t\t\t\t<h3 class=\"elementor-heading-title elementor-size-default\">We introduce you to the Rosamar team<\/h3>\t\t\t\t<\/div>\n\t\t\t\t<div class=\"elementor-element elementor-element-80bc64c elementor-widget elementor-widget-image\" data-id=\"80bc64c\" data-element_type=\"widget\" data-e-type=\"widget\" data-widget_type=\"image.default\">\n\t\t\t\t\t\t\t\t\t\t\t\t\t\t\t<img fetchpriority=\"high\" decoding=\"async\" width=\"900\" height=\"675\" src=\"https:\/\/www.restaurantrosamar.com\/wp-content\/uploads\/2025\/06\/Restaurant-Rosamar-Inici-Benvinguda.jpg\" class=\"attachment-full size-full wp-image-5412\" alt=\"Restaurant Rosamar - Home - Welcome\" srcset=\"https:\/\/www.restaurantrosamar.com\/wp-content\/uploads\/2025\/06\/Restaurant-Rosamar-Inici-Benvinguda.jpg.webp 900w, https:\/\/www.restaurantrosamar.com\/wp-content\/uploads\/2025\/06\/Restaurant-Rosamar-Inici-Benvinguda-300x225.jpg 300w, https:\/\/www.restaurantrosamar.com\/wp-content\/uploads\/2025\/06\/Restaurant-Rosamar-Inici-Benvinguda-768x576.jpg 768w\" sizes=\"(max-width: 900px) 100vw, 900px\" \/>\t\t\t\t\t\t\t\t\t\t\t\t\t\t\t<\/div>\n\t\t\t\t<div class=\"elementor-element elementor-element-56e2db2 elementor-widget elementor-widget-gallery\" data-id=\"56e2db2\" data-element_type=\"widget\" data-e-type=\"widget\" data-settings=\"{&quot;gap&quot;:{&quot;unit&quot;:&quot;px&quot;,&quot;size&quot;:4,&quot;sizes&quot;:[]},&quot;gap_tablet&quot;:{&quot;unit&quot;:&quot;px&quot;,&quot;size&quot;:4,&quot;sizes&quot;:[]},&quot;gap_mobile&quot;:{&quot;unit&quot;:&quot;px&quot;,&quot;size&quot;:2,&quot;sizes&quot;:[]},&quot;gallery_layout&quot;:&quot;justified&quot;,&quot;ideal_row_height&quot;:{&quot;unit&quot;:&quot;px&quot;,&quot;size&quot;:280,&quot;sizes&quot;:[]},&quot;ideal_row_height_tablet&quot;:{&quot;unit&quot;:&quot;px&quot;,&quot;size&quot;:260,&quot;sizes&quot;:[]},&quot;lazyload&quot;:&quot;yes&quot;,&quot;ideal_row_height_mobile&quot;:{&quot;unit&quot;:&quot;px&quot;,&quot;size&quot;:150,&quot;sizes&quot;:[]},&quot;link_to&quot;:&quot;file&quot;,&quot;overlay_background&quot;:&quot;yes&quot;,&quot;content_hover_animation&quot;:&quot;fade-in&quot;}\" data-widget_type=\"gallery.default\">\n\t\t\t\t\t\t\t<div class=\"elementor-gallery__container\">\n\t\t\t\t\t<\/div>\n\t\t\t\t\t<\/div>\n\t\t\t\t<\/div>\n\t\t\t\t<\/div>","protected":false},"excerpt":{"rendered":"<p>La gastronomia, la nostra veritable passi\u00f3. Una vocaci\u00f3 que ve de tradici\u00f3 familiar i que orgullosos cuidem dia a dia, a cada servei. Un veritable honor seguir al teu servei despr\u00e9s de m\u00e9s de 50 anys d&#8217;hist\u00f2ria. No ser\u00edem ning\u00fa si no compt\u00e9ssim amb un gran equip. Et presentem a l&#8217;equip Rosamar<\/p>","protected":false},"author":2,"featured_media":3387,"parent":0,"menu_order":0,"comment_status":"closed","ping_status":"closed","template":"","meta":{"footnotes":""},"class_list":["post-3202","page","type-page","status-publish","has-post-thumbnail"],"_links":{"self":[{"href":"https:\/\/www.restaurantrosamar.com\/en\/wp-json\/wp\/v2\/pages\/3202","targetHints":{"allow":["GET"]}}],"collection":[{"href":"https:\/\/www.restaurantrosamar.com\/en\/wp-json\/wp\/v2\/pages"}],"about":[{"href":"https:\/\/www.restaurantrosamar.com\/en\/wp-json\/wp\/v2\/types\/page"}],"author":[{"embeddable":true,"href":"https:\/\/www.restaurantrosamar.com\/en\/wp-json\/wp\/v2\/users\/2"}],"replies":[{"embeddable":true,"href":"https:\/\/www.restaurantrosamar.com\/en\/wp-json\/wp\/v2\/comments?post=3202"}],"version-history":[{"count":0,"href":"https:\/\/www.restaurantrosamar.com\/en\/wp-json\/wp\/v2\/pages\/3202\/revisions"}],"wp:featuredmedia":[{"embeddable":true,"href":"https:\/\/www.restaurantrosamar.com\/en\/wp-json\/wp\/v2\/media\/3387"}],"wp:attachment":[{"href":"https:\/\/www.restaurantrosamar.com\/en\/wp-json\/wp\/v2\/media?parent=3202"}],"curies":[{"name":"wp","href":"https:\/\/api.w.org\/{rel}","templated":true}]}}